{"id":67660,"date":"2026-04-30T10:52:21","date_gmt":"2026-04-30T14:52:21","guid":{"rendered":"https:\/\/termont2.com\/?page_id=67660"},"modified":"2026-05-01T14:45:52","modified_gmt":"2026-05-01T18:45:52","slug":"sst-sante-et-securite-au-travail","status":"publish","type":"page","link":"https:\/\/termont.com\/fr\/sst-sante-et-securite-au-travail\/","title":{"rendered":"SST \u2013 Sant\u00e9 et S\u00e9curit\u00e9 au Travail"},"content":{"rendered":"\t\t<div data-elementor-type=\"wp-page\" data-elementor-id=\"67660\" class=\"elementor elementor-67660\">\n\t\t\t\t<div class=\"elementor-element elementor-element-4038cc0 e-flex e-con-boxed e-con e-parent\" data-id=\"4038cc0\" data-element_type=\"container\" data-e-type=\"container\">\n\t\t\t\t\t<div class=\"e-con-inner\">\n\t\t\t\t<div class=\"elementor-element elementor-element-7e79f84 elementor-widget elementor-widget-heading\" data-id=\"7e79f84\" data-element_type=\"widget\" data-e-type=\"widget\" data-widget_type=\"heading.default\">\n\t\t\t\t<div class=\"elementor-widget-container\">\n\t\t\t\t\t<h4 class=\"elementor-heading-title elementor-size-default\">Un milieu s\u00e9curitaire, chaque jour <\/h4>\t\t\t\t<\/div>\n\t\t\t\t<\/div>\n\t\t\t\t\t<\/div>\n\t\t\t\t<\/div>\n\t\t<div class=\"elementor-element elementor-element-b4e7cf0 e-flex e-con-boxed e-con e-parent\" data-id=\"b4e7cf0\" data-element_type=\"container\" data-e-type=\"container\">\n\t\t\t\t\t<div class=\"e-con-inner\">\n\t\t<div class=\"elementor-element elementor-element-b40190b e-con-full e-flex e-con e-child\" data-id=\"b40190b\" data-element_type=\"container\" data-e-type=\"container\">\n\t\t\r\n\t\t<div class=\"elementor-element elementor-element-9aa1138 elementor-widget elementor-widget-text-editor\" data-id=\"9aa1138\" data-element_type=\"widget\" data-e-type=\"widget\" data-widget_type=\"text-editor.default\">\n\t\t\t\t<div class=\"elementor-widget-container\">\n\t\t\t\t\t\t\t\t\t<p><strong>La SST est une priorit\u00e9 quotidienne \u00e0 tous les niveaux de l\u2019organisation.<\/strong><br \/><strong>Par la pr\u00e9vention et l\u2019engagement collectif, nous construisons une culture o\u00f9 la s\u00e9curit\u00e9 est l\u2019affaire de tous.<\/strong><\/p>\t\t\t\t\t\t\t\t<\/div>\n\t\t\t\t<\/div>\n\t\t\t\t<\/div>\n\t\t\t\t<div class=\"elementor-element elementor-element-19453d6 elementor-widget elementor-widget-image\" data-id=\"19453d6\" data-element_type=\"widget\" data-e-type=\"widget\" data-widget_type=\"image.default\">\n\t\t\t\t<div class=\"elementor-widget-container\">\n\t\t\t\t\t\t\t\t\t\t\t\t\t\t\t<img fetchpriority=\"high\" decoding=\"async\" width=\"624\" height=\"468\" src=\"https:\/\/termont.com\/wp-content\/uploads\/2026\/04\/Image1.png\" class=\"attachment-large size-large wp-image-67689\" alt=\"SST\" srcset=\"https:\/\/termont.com\/wp-content\/uploads\/2026\/04\/Image1.png 624w, https:\/\/termont.com\/wp-content\/uploads\/2026\/04\/Image1-300x225.png 300w, https:\/\/termont.com\/wp-content\/uploads\/2026\/04\/Image1-600x450.png 600w\" sizes=\"(max-width: 624px) 100vw, 624px\" \/>\t\t\t\t\t\t\t\t\t\t\t\t\t\t\t<\/div>\n\t\t\t\t<\/div>\n\t\t\t\t\t<\/div>\n\t\t\t\t<\/div>\n\t\t<div class=\"elementor-element elementor-element-6093a8d e-flex e-con-boxed e-con e-parent\" data-id=\"6093a8d\" data-element_type=\"container\" data-e-type=\"container\">\n\t\t\t\t\t<div class=\"e-con-inner\">\n\t\t\t\t<div class=\"elementor-element elementor-element-7736c93 elementor-widget elementor-widget-heading\" data-id=\"7736c93\" data-element_type=\"widget\" data-e-type=\"widget\" data-widget_type=\"heading.default\">\n\t\t\t\t<div class=\"elementor-widget-container\">\n\t\t\t\t\t<h4 class=\"elementor-heading-title elementor-size-default\">\ud83d\udc64 Pour la s\u00e9curit\u00e9 de nos visiteurs <\/h4>\t\t\t\t<\/div>\n\t\t\t\t<\/div>\n\t\t\t\t\t<\/div>\n\t\t\t\t<\/div>\n\t\t<div class=\"elementor-element elementor-element-263c6f0 e-flex e-con-boxed e-con e-parent\" data-id=\"263c6f0\" data-element_type=\"container\" data-e-type=\"container\">\n\t\t\t\t\t<div class=\"e-con-inner\">\n\t\t\t\t<div class=\"elementor-element elementor-element-8d4009b elementor-widget elementor-widget-text-editor\" data-id=\"8d4009b\" data-element_type=\"widget\" data-e-type=\"widget\" data-widget_type=\"text-editor.default\">\n\t\t\t\t<div class=\"elementor-widget-container\">\n\t\t\t\t\t\t\t\t\t<p><strong>Afin d\u2019assurer la s\u00e9curit\u00e9 de nos visiteurs, ceux-ci doivent \u00eatre inform\u00e9s des r\u00e8gles de sant\u00e9 et de s\u00e9curit\u00e9 en vigueur et s\u2019y conformer en tout temps.\u00a0<\/strong><\/p><p><strong><em>\u00c0 moins de d\u00e9tenir une autorisation du personnel de Termont ainsi qu\u2019une carte d\u2019acc\u00e8s valide au Port, tout visiteur doit \u00eatre accompagn\u00e9 en tout temps.<\/em><\/strong><\/p><p><em>\u00ab <a href=\"https:\/\/termont.com\/wp-content\/uploads\/2026\/04\/Depliant-visiteur.pdf\">Consulter le guide du visiteur<\/a> \u00bb<\/em><\/p>\t\t\t\t\t\t\t\t<\/div>\n\t\t\t\t<\/div>\n\t\t\t\t\t<\/div>\n\t\t\t\t<\/div>\n\t\t<div class=\"elementor-element elementor-element-5369b64 e-flex e-con-boxed e-con e-parent\" data-id=\"5369b64\" data-element_type=\"container\" data-e-type=\"container\">\n\t\t\t\t\t<div class=\"e-con-inner\">\n\t\t\t\t<div class=\"elementor-element elementor-element-1e65583 elementor-widget elementor-widget-heading\" data-id=\"1e65583\" data-element_type=\"widget\" data-e-type=\"widget\" data-widget_type=\"heading.default\">\n\t\t\t\t<div class=\"elementor-widget-container\">\n\t\t\t\t\t<h4 class=\"elementor-heading-title elementor-size-default\">\ud83d\udee0\ufe0f Pour la s\u00e9curit\u00e9 de nos entrepreneurs <\/h4>\t\t\t\t<\/div>\n\t\t\t\t<\/div>\n\t\t\t\t\t<\/div>\n\t\t\t\t<\/div>\n\t\t<div class=\"elementor-element elementor-element-c68f78b e-flex e-con-boxed e-con e-parent\" data-id=\"c68f78b\" data-element_type=\"container\" data-e-type=\"container\">\n\t\t\t\t\t<div class=\"e-con-inner\">\n\t\t\t\t<div class=\"elementor-element elementor-element-1f71604 elementor-widget elementor-widget-text-editor\" data-id=\"1f71604\" data-element_type=\"widget\" data-e-type=\"widget\" data-widget_type=\"text-editor.default\">\n\t\t\t\t<div class=\"elementor-widget-container\">\n\t\t\t\t\t\t\t\t\t<p><strong>Afin d\u2019assurer la s\u00e9curit\u00e9 de nos entrepreneurs, ceux-ci doivent \u00eatre inform\u00e9s des r\u00e8gles de sant\u00e9 et de s\u00e9curit\u00e9 en vigueur et s\u2019y conformer en tout temps.<\/strong><\/p><p><strong>Tout entrepreneur ayant un acc\u00e8s physique aux terminaux (terrain) doit imp\u00e9rativement \u00eatre membre de la plateforme de gestion Veriforce.<\/strong><\/p><p><strong>Les r\u00e8gles de s\u00e9curit\u00e9 g\u00e9n\u00e9rales ainsi que celles sp\u00e9cifiques \u00e0 la t\u00e2che \u00e0 effectuer seront communiqu\u00e9es en amont de la visite, par l\u2019entremise de Veriforce et\/ou par le donneur d\u2019ordre Termont, en plus d\u2019\u00eatre revues avec le donneur d\u2019ordre \u00e0 l\u2019arriv\u00e9e.<\/strong><\/p><p><em>\u00ab <a href=\"https:\/\/termont.com\/wp-content\/uploads\/2026\/04\/Guide-des-entrepreneurs-2025.pdf\">Consulter le guide de l\u2019entrepreneur<\/a> \u00bb<\/em><\/p>\t\t\t\t\t\t\t\t<\/div>\n\t\t\t\t<\/div>\n\t\t\t\t<div class=\"elementor-element elementor-element-4924435 elementor-widget elementor-widget-heading\" data-id=\"4924435\" data-element_type=\"widget\" data-e-type=\"widget\" data-widget_type=\"heading.default\">\n\t\t\t\t<div class=\"elementor-widget-container\">\n\t\t\t\t\t<h4 class=\"elementor-heading-title elementor-size-default\">\ud83d\ude9a Pour la s\u00e9curit\u00e9 de nos camionneurs <\/h4>\t\t\t\t<\/div>\n\t\t\t\t<\/div>\n\t\t\t\t<div class=\"elementor-element elementor-element-7372f9c elementor-widget elementor-widget-text-editor\" data-id=\"7372f9c\" data-element_type=\"widget\" data-e-type=\"widget\" data-widget_type=\"text-editor.default\">\n\t\t\t\t<div class=\"elementor-widget-container\">\n\t\t\t\t\t\t\t\t\t<p><strong>Veuillez vous r\u00e9f\u00e9rer \u00e0 l\u2019onglet R\u00e8gles camions de notre site web comprenant le guide du camionneur<\/strong><\/p><p><em>\u00ab <a href=\"https:\/\/termont.com\/fr\/procedure-camion\/les-regles-de-securite\/\" target=\"_blank\" rel=\"noopener\">Consulter la page camionneurs<\/a> \u00bb<\/em><\/p><p>\u00a0<\/p>\t\t\t\t\t\t\t\t<\/div>\n\t\t\t\t<\/div>\n\t\t\t\t<div class=\"elementor-element elementor-element-8d675bb elementor-widget elementor-widget-image\" data-id=\"8d675bb\" data-element_type=\"widget\" data-e-type=\"widget\" data-widget_type=\"image.default\">\n\t\t\t\t<div class=\"elementor-widget-container\">\n\t\t\t\t\t\t\t\t\t\t\t\t\t\t\t<img decoding=\"async\" src=\"https:\/\/termont.com\/wp-content\/uploads\/2026\/04\/Guide-du-camionneur.pdf\" title=\"\" alt=\"\" loading=\"lazy\" \/>\t\t\t\t\t\t\t\t\t\t\t\t\t\t\t<\/div>\n\t\t\t\t<\/div>\n\t\t\t\t\t<\/div>\n\t\t\t\t<\/div>\n\t\t\t\t<\/div>\n\t\t","protected":false},"excerpt":{"rendered":"<p>Un milieu s\u00e9curitaire, chaque jour La SST est une priorit\u00e9 quotidienne \u00e0 tous les niveaux de l\u2019organisation.Par la pr\u00e9vention et l\u2019engagement collectif, nous construisons une culture o\u00f9 la s\u00e9curit\u00e9 est l\u2019affaire de tous. \ud83d\udc64 Pour la s\u00e9curit\u00e9 de nos visiteurs Afin d\u2019assurer la s\u00e9curit\u00e9 de nos visiteurs, ceux-ci doivent \u00eatre inform\u00e9s des r\u00e8gles de sant\u00e9&#8230;<\/p>\n","protected":false},"author":9,"featured_media":0,"parent":0,"menu_order":0,"comment_status":"closed","ping_status":"closed","template":"","meta":{"_acf_changed":false,"footnotes":""},"class_list":["post-67660","page","type-page","status-publish","hentry"],"acf":[],"yoast_head":"<!-- This site is optimized with the Yoast SEO plugin v27.5 - https:\/\/yoast.com\/product\/yoast-seo-wordpress\/ -->\n<title>SST \u2013 Sant\u00e9 et S\u00e9curit\u00e9 au Travail - Termont Montreal Inc<\/title>\n<meta name=\"robots\" content=\"index, follow, max-snippet:-1, max-image-preview:large, max-video-preview:-1\" \/>\n<link rel=\"canonical\" href=\"https:\/\/termont.com\/fr\/sst-sante-et-securite-au-travail\/\" \/>\n<meta property=\"og:locale\" content=\"fr_FR\" \/>\n<meta property=\"og:type\" content=\"article\" \/>\n<meta property=\"og:title\" content=\"SST \u2013 Sant\u00e9 et S\u00e9curit\u00e9 au Travail - Termont Montreal Inc\" \/>\n<meta property=\"og:description\" content=\"Un milieu s\u00e9curitaire, chaque jour La SST est une priorit\u00e9 quotidienne \u00e0 tous les niveaux de l\u2019organisation.Par la pr\u00e9vention et l\u2019engagement collectif, nous construisons une culture o\u00f9 la s\u00e9curit\u00e9 est l\u2019affaire de tous. \ud83d\udc64 Pour la s\u00e9curit\u00e9 de nos visiteurs Afin d\u2019assurer la s\u00e9curit\u00e9 de nos visiteurs, ceux-ci doivent \u00eatre inform\u00e9s des r\u00e8gles de sant\u00e9...\" \/>\n<meta property=\"og:url\" content=\"https:\/\/termont.com\/fr\/sst-sante-et-securite-au-travail\/\" \/>\n<meta property=\"og:site_name\" content=\"Termont Montreal Inc\" \/>\n<meta property=\"article:modified_time\" content=\"2026-05-01T18:45:52+00:00\" \/>\n<meta property=\"og:image\" content=\"https:\/\/termont.com\/wp-content\/uploads\/2026\/04\/Image1.png\" \/>\n\t<meta property=\"og:image:width\" content=\"624\" \/>\n\t<meta property=\"og:image:height\" content=\"468\" \/>\n\t<meta property=\"og:image:type\" content=\"image\/png\" \/>\n<meta name=\"twitter:card\" content=\"summary_large_image\" \/>\n<meta name=\"twitter:label1\" content=\"Dur\u00e9e de lecture estim\u00e9e\" \/>\n\t<meta name=\"twitter:data1\" content=\"3 minutes\" \/>\n<script type=\"application\/ld+json\" class=\"yoast-schema-graph\">{\"@context\":\"https:\\\/\\\/schema.org\",\"@graph\":[{\"@type\":\"WebPage\",\"@id\":\"https:\\\/\\\/termont.com\\\/fr\\\/sst-sante-et-securite-au-travail\\\/\",\"url\":\"https:\\\/\\\/termont.com\\\/fr\\\/sst-sante-et-securite-au-travail\\\/\",\"name\":\"SST \u2013 Sant\u00e9 et S\u00e9curit\u00e9 au Travail - Termont Montreal Inc\",\"isPartOf\":{\"@id\":\"https:\\\/\\\/termont.com\\\/fr\\\/#website\"},\"primaryImageOfPage\":{\"@id\":\"https:\\\/\\\/termont.com\\\/fr\\\/sst-sante-et-securite-au-travail\\\/#primaryimage\"},\"image\":{\"@id\":\"https:\\\/\\\/termont.com\\\/fr\\\/sst-sante-et-securite-au-travail\\\/#primaryimage\"},\"thumbnailUrl\":\"https:\\\/\\\/termont.com\\\/wp-content\\\/uploads\\\/2026\\\/04\\\/Image1.png\",\"datePublished\":\"2026-04-30T14:52:21+00:00\",\"dateModified\":\"2026-05-01T18:45:52+00:00\",\"breadcrumb\":{\"@id\":\"https:\\\/\\\/termont.com\\\/fr\\\/sst-sante-et-securite-au-travail\\\/#breadcrumb\"},\"inLanguage\":\"fr-FR\",\"potentialAction\":[{\"@type\":\"ReadAction\",\"target\":[\"https:\\\/\\\/termont.com\\\/fr\\\/sst-sante-et-securite-au-travail\\\/\"]}]},{\"@type\":\"ImageObject\",\"inLanguage\":\"fr-FR\",\"@id\":\"https:\\\/\\\/termont.com\\\/fr\\\/sst-sante-et-securite-au-travail\\\/#primaryimage\",\"url\":\"https:\\\/\\\/termont.com\\\/wp-content\\\/uploads\\\/2026\\\/04\\\/Image1.png\",\"contentUrl\":\"https:\\\/\\\/termont.com\\\/wp-content\\\/uploads\\\/2026\\\/04\\\/Image1.png\"},{\"@type\":\"BreadcrumbList\",\"@id\":\"https:\\\/\\\/termont.com\\\/fr\\\/sst-sante-et-securite-au-travail\\\/#breadcrumb\",\"itemListElement\":[{\"@type\":\"ListItem\",\"position\":1,\"name\":\"Home\",\"item\":\"https:\\\/\\\/termont.com\\\/fr\\\/\"},{\"@type\":\"ListItem\",\"position\":2,\"name\":\"SST \u2013 Sant\u00e9 et S\u00e9curit\u00e9 au Travail\"}]},{\"@type\":\"WebSite\",\"@id\":\"https:\\\/\\\/termont.com\\\/fr\\\/#website\",\"url\":\"https:\\\/\\\/termont.com\\\/fr\\\/\",\"name\":\"Termont Montreal Inc\",\"description\":\"Le monde passe par nous\",\"publisher\":{\"@id\":\"https:\\\/\\\/termont.com\\\/fr\\\/#organization\"},\"potentialAction\":[{\"@type\":\"SearchAction\",\"target\":{\"@type\":\"EntryPoint\",\"urlTemplate\":\"https:\\\/\\\/termont.com\\\/fr\\\/?s={search_term_string}\"},\"query-input\":{\"@type\":\"PropertyValueSpecification\",\"valueRequired\":true,\"valueName\":\"search_term_string\"}}],\"inLanguage\":\"fr-FR\"},{\"@type\":\"Organization\",\"@id\":\"https:\\\/\\\/termont.com\\\/fr\\\/#organization\",\"name\":\"Termont Montreal Inc\",\"url\":\"https:\\\/\\\/termont.com\\\/fr\\\/\",\"logo\":{\"@type\":\"ImageObject\",\"inLanguage\":\"fr-FR\",\"@id\":\"https:\\\/\\\/termont.com\\\/fr\\\/#\\\/schema\\\/logo\\\/image\\\/\",\"url\":\"https:\\\/\\\/termont.com\\\/wp-content\\\/uploads\\\/2023\\\/07\\\/logo-termont.png\",\"contentUrl\":\"https:\\\/\\\/termont.com\\\/wp-content\\\/uploads\\\/2023\\\/07\\\/logo-termont.png\",\"width\":325,\"height\":59,\"caption\":\"Termont Montreal Inc\"},\"image\":{\"@id\":\"https:\\\/\\\/termont.com\\\/fr\\\/#\\\/schema\\\/logo\\\/image\\\/\"}}]}<\/script>\n<!-- \/ Yoast SEO plugin. -->","yoast_head_json":{"title":"SST \u2013 Sant\u00e9 et S\u00e9curit\u00e9 au Travail - Termont Montreal Inc","robots":{"index":"index","follow":"follow","max-snippet":"max-snippet:-1","max-image-preview":"max-image-preview:large","max-video-preview":"max-video-preview:-1"},"canonical":"https:\/\/termont.com\/fr\/sst-sante-et-securite-au-travail\/","og_locale":"fr_FR","og_type":"article","og_title":"SST \u2013 Sant\u00e9 et S\u00e9curit\u00e9 au Travail - Termont Montreal Inc","og_description":"Un milieu s\u00e9curitaire, chaque jour La SST est une priorit\u00e9 quotidienne \u00e0 tous les niveaux de l\u2019organisation.Par la pr\u00e9vention et l\u2019engagement collectif, nous construisons une culture o\u00f9 la s\u00e9curit\u00e9 est l\u2019affaire de tous. \ud83d\udc64 Pour la s\u00e9curit\u00e9 de nos visiteurs Afin d\u2019assurer la s\u00e9curit\u00e9 de nos visiteurs, ceux-ci doivent \u00eatre inform\u00e9s des r\u00e8gles de sant\u00e9...","og_url":"https:\/\/termont.com\/fr\/sst-sante-et-securite-au-travail\/","og_site_name":"Termont Montreal Inc","article_modified_time":"2026-05-01T18:45:52+00:00","og_image":[{"width":624,"height":468,"url":"https:\/\/termont.com\/wp-content\/uploads\/2026\/04\/Image1.png","type":"image\/png"}],"twitter_card":"summary_large_image","twitter_misc":{"Dur\u00e9e de lecture estim\u00e9e":"3 minutes"},"schema":{"@context":"https:\/\/schema.org","@graph":[{"@type":"WebPage","@id":"https:\/\/termont.com\/fr\/sst-sante-et-securite-au-travail\/","url":"https:\/\/termont.com\/fr\/sst-sante-et-securite-au-travail\/","name":"SST \u2013 Sant\u00e9 et S\u00e9curit\u00e9 au Travail - Termont Montreal Inc","isPartOf":{"@id":"https:\/\/termont.com\/fr\/#website"},"primaryImageOfPage":{"@id":"https:\/\/termont.com\/fr\/sst-sante-et-securite-au-travail\/#primaryimage"},"image":{"@id":"https:\/\/termont.com\/fr\/sst-sante-et-securite-au-travail\/#primaryimage"},"thumbnailUrl":"https:\/\/termont.com\/wp-content\/uploads\/2026\/04\/Image1.png","datePublished":"2026-04-30T14:52:21+00:00","dateModified":"2026-05-01T18:45:52+00:00","breadcrumb":{"@id":"https:\/\/termont.com\/fr\/sst-sante-et-securite-au-travail\/#breadcrumb"},"inLanguage":"fr-FR","potentialAction":[{"@type":"ReadAction","target":["https:\/\/termont.com\/fr\/sst-sante-et-securite-au-travail\/"]}]},{"@type":"ImageObject","inLanguage":"fr-FR","@id":"https:\/\/termont.com\/fr\/sst-sante-et-securite-au-travail\/#primaryimage","url":"https:\/\/termont.com\/wp-content\/uploads\/2026\/04\/Image1.png","contentUrl":"https:\/\/termont.com\/wp-content\/uploads\/2026\/04\/Image1.png"},{"@type":"BreadcrumbList","@id":"https:\/\/termont.com\/fr\/sst-sante-et-securite-au-travail\/#breadcrumb","itemListElement":[{"@type":"ListItem","position":1,"name":"Home","item":"https:\/\/termont.com\/fr\/"},{"@type":"ListItem","position":2,"name":"SST \u2013 Sant\u00e9 et S\u00e9curit\u00e9 au Travail"}]},{"@type":"WebSite","@id":"https:\/\/termont.com\/fr\/#website","url":"https:\/\/termont.com\/fr\/","name":"Termont Montreal Inc","description":"Le monde passe par nous","publisher":{"@id":"https:\/\/termont.com\/fr\/#organization"},"potentialAction":[{"@type":"SearchAction","target":{"@type":"EntryPoint","urlTemplate":"https:\/\/termont.com\/fr\/?s={search_term_string}"},"query-input":{"@type":"PropertyValueSpecification","valueRequired":true,"valueName":"search_term_string"}}],"inLanguage":"fr-FR"},{"@type":"Organization","@id":"https:\/\/termont.com\/fr\/#organization","name":"Termont Montreal Inc","url":"https:\/\/termont.com\/fr\/","logo":{"@type":"ImageObject","inLanguage":"fr-FR","@id":"https:\/\/termont.com\/fr\/#\/schema\/logo\/image\/","url":"https:\/\/termont.com\/wp-content\/uploads\/2023\/07\/logo-termont.png","contentUrl":"https:\/\/termont.com\/wp-content\/uploads\/2023\/07\/logo-termont.png","width":325,"height":59,"caption":"Termont Montreal Inc"},"image":{"@id":"https:\/\/termont.com\/fr\/#\/schema\/logo\/image\/"}}]}},"_links":{"self":[{"href":"https:\/\/termont.com\/fr\/wp-json\/wp\/v2\/pages\/67660","targetHints":{"allow":["GET"]}}],"collection":[{"href":"https:\/\/termont.com\/fr\/wp-json\/wp\/v2\/pages"}],"about":[{"href":"https:\/\/termont.com\/fr\/wp-json\/wp\/v2\/types\/page"}],"author":[{"embeddable":true,"href":"https:\/\/termont.com\/fr\/wp-json\/wp\/v2\/users\/9"}],"replies":[{"embeddable":true,"href":"https:\/\/termont.com\/fr\/wp-json\/wp\/v2\/comments?post=67660"}],"version-history":[{"count":37,"href":"https:\/\/termont.com\/fr\/wp-json\/wp\/v2\/pages\/67660\/revisions"}],"predecessor-version":[{"id":69481,"href":"https:\/\/termont.com\/fr\/wp-json\/wp\/v2\/pages\/67660\/revisions\/69481"}],"wp:attachment":[{"href":"https:\/\/termont.com\/fr\/wp-json\/wp\/v2\/media?parent=67660"}],"curies":[{"name":"wp","href":"https:\/\/api.w.org\/{rel}","templated":true}]}}