{"id":66951,"date":"2024-03-01T10:37:09","date_gmt":"2024-03-01T15:37:09","guid":{"rendered":"https:\/\/termont2.com\/procedure-camion\/formulaire-de-devis-hors-gabarit\/"},"modified":"2026-05-01T17:41:43","modified_gmt":"2026-05-01T21:41:43","slug":"formulaire-de-devis-hors-gabarit","status":"publish","type":"page","link":"https:\/\/termont.com\/fr\/formulaire-de-devis-hors-gabarit\/","title":{"rendered":"Formulaire OOG"},"content":{"rendered":"\t\t<div data-elementor-type=\"wp-page\" data-elementor-id=\"66951\" class=\"elementor elementor-66951 elementor-15918\">\n\t\t\t\t\t\t<section class=\"elementor-section elementor-top-section elementor-element elementor-element-a601674 elementor-reverse-tablet elementor-reverse-mobile elementor-section-boxed elementor-section-height-default elementor-section-height-default\" data-id=\"a601674\" data-element_type=\"section\" data-e-type=\"section\">\n\t\t\t\t\t\t<div class=\"elementor-container elementor-column-gap-no\">\n\t\t\t\t\t<div class=\"elementor-column elementor-col-50 elementor-top-column elementor-element elementor-element-deed8b8\" data-id=\"deed8b8\" data-element_type=\"column\" data-e-type=\"column\">\n\t\t\t<div class=\"elementor-widget-wrap elementor-element-populated\">\n\t\t\t\t\r\n\t\t<div class=\"elementor-element elementor-element-cf706ac elementor-widget elementor-widget-logistikinfobox\" data-id=\"cf706ac\" data-element_type=\"widget\" data-e-type=\"widget\" data-widget_type=\"logistikinfobox.default\">\n\t\t\t\t<div class=\"elementor-widget-container\">\n\t\t\t\t\t\r\n        \t\t\t<div class=\"widget widget_banner style2 \">\r\n\t\t\t\t<div class=\"banner-image\">\r\n\t\t\t\t\t<img decoding=\"async\" src=\"https:\/\/termont.com\/wp-content\/uploads\/2023\/04\/banner-img.jpg\" alt=\"banner img\"  \/>\t\t\t\t<\/div>\r\n\t\t\t\t<h4 class=\"widget_title  th-title\">Besoin d\u2019aide\u00a0? Parlez \u00e0 un expert<\/h4>\r\n\t\t\t\t<div class=\"widget-banner text-center\">\r\n\t\t\t\t\t<span class=\"widget_desc  th-desc\">Disponible en tout temps<\/span>\r\n\t\t\t\t\t<a href=\"tel:5142540526\" class=\"banner-link\">(514) 254-0526<\/a>\r\n\t\t\t\t<\/div>\r\n\t\t\t<\/div>\r\n\r\n\t\t\t\t\t\t<\/div>\n\t\t\t\t<\/div>\n\t\t\t\t<div class=\"elementor-element elementor-element-20d8fed elementor-widget elementor-widget-text-editor\" data-id=\"20d8fed\" data-element_type=\"widget\" data-e-type=\"widget\" data-widget_type=\"text-editor.default\">\n\t\t\t\t<div class=\"elementor-widget-container\">\n\t\t\t\t\t\t\t\t\t<p>Chez Termont, chaque aspect de nos services est con\u00e7u pour r\u00e9pondre \u00e0 vos besoins sp\u00e9cifiques en mati\u00e8re de logistique maritime et terrestre. Notre engagement envers l\u2019excellence, combin\u00e9 \u00e0 notre expertise approfondie, fait de nous le choix id\u00e9al pour g\u00e9rer vos op\u00e9rations logistiques avec efficacit\u00e9 et fiabilit\u00e9. Faites confiance \u00e0 Termont pour \u00eatre le moteur de votre succ\u00e8s commercial.<\/p>\t\t\t\t\t\t\t\t<\/div>\n\t\t\t\t<\/div>\n\t\t\t\t\t<\/div>\n\t\t<\/div>\n\t\t\t\t<div class=\"elementor-column elementor-col-50 elementor-top-column elementor-element elementor-element-80990f1\" data-id=\"80990f1\" data-element_type=\"column\" data-e-type=\"column\">\n\t\t\t<div class=\"elementor-widget-wrap elementor-element-populated\">\n\t\t\t\t\t\t<div class=\"elementor-element elementor-element-060fc7e elementor-widget elementor-widget-image\" data-id=\"060fc7e\" data-element_type=\"widget\" data-e-type=\"widget\" data-widget_type=\"image.default\">\n\t\t\t\t<div class=\"elementor-widget-container\">\n\t\t\t\t\t\t\t\t\t\t\t\t\t\t\t<img fetchpriority=\"high\" decoding=\"async\" width=\"850\" height=\"400\" src=\"https:\/\/termont.com\/wp-content\/uploads\/2023\/04\/service_details.jpg\" class=\"attachment-full size-full wp-image-69509\" alt=\"\" srcset=\"https:\/\/termont.com\/wp-content\/uploads\/2023\/04\/service_details.jpg 850w, https:\/\/termont.com\/wp-content\/uploads\/2023\/04\/service_details-600x282.jpg 600w, https:\/\/termont.com\/wp-content\/uploads\/2023\/04\/service_details-300x141.jpg 300w, https:\/\/termont.com\/wp-content\/uploads\/2023\/04\/service_details-768x361.jpg 768w\" sizes=\"(max-width: 850px) 100vw, 850px\" \/>\t\t\t\t\t\t\t\t\t\t\t\t\t\t\t<\/div>\n\t\t\t\t<\/div>\n\t\t\t\t<div class=\"elementor-element elementor-element-8e94609 elementor-widget elementor-widget-heading\" data-id=\"8e94609\" data-element_type=\"widget\" data-e-type=\"widget\" data-widget_type=\"heading.default\">\n\t\t\t\t<div class=\"elementor-widget-container\">\n\t\t\t\t\t<h4 class=\"elementor-heading-title elementor-size-default\">Gestion des Cargaisons Hors Gabarit<\/h4>\t\t\t\t<\/div>\n\t\t\t\t<\/div>\n\t\t\t\t<div class=\"elementor-element elementor-element-3d59efb elementor-widget elementor-widget-text-editor\" data-id=\"3d59efb\" data-element_type=\"widget\" data-e-type=\"widget\" data-widget_type=\"text-editor.default\">\n\t\t\t\t<div class=\"elementor-widget-container\">\n\t\t\t\t\t\t\t\t\t<p>Notre expertise s\u2019\u00e9tend \u00e0 la manipulation de cargaisons hors gabarit. Avec des \u00e9quipements sp\u00e9cialis\u00e9s et une \u00e9quipe exp\u00e9riment\u00e9e, nous pouvons g\u00e9rer efficacement des marchandises de dimensions et de poids exceptionnels.<\/p>\t\t\t\t\t\t\t\t<\/div>\n\t\t\t\t<\/div>\n\t\t\t\t<div class=\"elementor-element elementor-element-e5bc66a elementor-widget elementor-widget-logistikinfobox\" data-id=\"e5bc66a\" data-element_type=\"widget\" data-e-type=\"widget\" data-widget_type=\"logistikinfobox.default\">\n\t\t\t\t<div class=\"elementor-widget-container\">\n\t\t\t\t\t\r\n        \t\t\t<div class=\"row\">\r\n\t\t\t\t<div class=\"feature-tab-wrapper\">\r\n\t\t\t\t\t<div class=\"feature-content\">\r\n\t\t\t\t\t\t<h4 class=\"h5 mb-3 mt-n2\">Nos domaines d\u2019intervention<\/h4>\r\n\t\t\t\t\t\t<p>De la planification au terminal jusqu\u2019 \u00e0 la mise en place s\u00e9curitaire, notre \u00e9quipe prend en charge chaque d\u00e9tail de votre op\u00e9ration de cargaison hors gabarit.<\/p>\r\n\t\t\t\t\t\t<div class=\"feature-icon-list\">\r\n\t\t\t\t\t\t\t<ul><li><i class=\"fa-solid fa-circle-check\"><\/i>Visibilit\u00e9 globale sur les capacit\u00e9s<\/li><li><i class=\"fa-solid fa-circle-check\"><\/i>Gestion efficace des cargaisons sp\u00e9ciales<\/li><\/ul>\t\t\t\t\t\t<\/div>\r\n\t\t\t\t\t<\/div>\r\n\t\t\t\t\t<div class=\"feature-image\">\r\n\t\t\t\t\t\t<img decoding=\"async\" src=\"https:\/\/termont.com\/wp-content\/uploads\/2023\/04\/service_thumb.jpg\" alt=\"service_thumb\"  \/>\t\t\t\t\t<\/div>\r\n\t\t\t\t<\/div>\r\n\t\t\t<\/div>\r\n\r\n\t\t\t\t\t\t<\/div>\n\t\t\t\t<\/div>\n\t\t\t\t<div class=\"elementor-element elementor-element-799e9c1 elementor-widget-divider--view-line elementor-widget elementor-widget-divider\" data-id=\"799e9c1\" data-element_type=\"widget\" data-e-type=\"widget\" data-widget_type=\"divider.default\">\n\t\t\t\t<div class=\"elementor-widget-container\">\n\t\t\t\t\t\t\t<div class=\"elementor-divider\">\n\t\t\t<span class=\"elementor-divider-separator\">\n\t\t\t\t\t\t<\/span>\n\t\t<\/div>\n\t\t\t\t\t\t<\/div>\n\t\t\t\t<\/div>\n\t\t\t\t\t<\/div>\n\t\t<\/div>\n\t\t\t\t\t<\/div>\n\t\t<\/section>\n\t\t<div class=\"elementor-element elementor-element-7ff3e63 e-flex e-con-boxed e-con e-parent\" data-id=\"7ff3e63\" data-element_type=\"container\" data-e-type=\"container\">\n\t\t\t\t\t<div class=\"e-con-inner\">\n\t\t\t\t<div class=\"elementor-element elementor-element-850d9a4 elementor-widget elementor-widget-text-editor\" data-id=\"850d9a4\" data-element_type=\"widget\" data-e-type=\"widget\" data-widget_type=\"text-editor.default\">\n\t\t\t\t<div class=\"elementor-widget-container\">\n\t\t\t\t\t\t\t\t\t<h4>Demander une soumission<\/h4><p>Pour obtenir une estimation, veuillez suivre le lien ci-dessous et remplir le formulaire requis :<\/p><p><a href=\"https:\/\/services.termont.com\/oog\" target=\"_blank\" rel=\"noopener\">Termont \u2013 Formulaire de demande d&#8217;estimation et de soumission<\/a><strong><br \/><\/strong><\/p><p>Lors de votre demande d&#8217;estimation, veuillez avoir les informations suivantes \u00e0 port\u00e9e de main<\/p><table border=\"1\" cellspacing=\"1\" cellpadding=\"1\"><tbody><tr><td><span style=\"text-decoration: underline;\"><strong>Nombre de pi\u00e8ces<\/strong><\/span><\/td><td><span style=\"text-decoration: underline;\"><strong>Description du contenu<\/strong><\/span><\/td><\/tr><tr><td>Poids total<\/td><td>Num\u00e9ro de ramassage valide, fourni par la compagnie maritime<\/td><\/tr><tr><td>R\u00e9servation ou navire\/voyage de d\u00e9chargement<\/td><td>Num\u00e9ro de conteneur, lors du d\u00e9potage d&#8217;un conteneur d&#8217;importation<\/td><\/tr><\/tbody><\/table>\t\t\t\t\t\t\t\t<\/div>\n\t\t\t\t<\/div>\n\t\t\t\t\t<\/div>\n\t\t\t\t<\/div>\n\t\t\t\t<\/div>\n\t\t","protected":false},"excerpt":{"rendered":"<p>Besoin d\u2019aide\u00a0? Parlez \u00e0 un expert Disponible en tout temps (514) 254-0526 Chez Termont, chaque aspect de nos services est con\u00e7u pour r\u00e9pondre \u00e0 vos besoins sp\u00e9cifiques en mati\u00e8re de logistique maritime et terrestre. Notre engagement envers l\u2019excellence, combin\u00e9 \u00e0 notre expertise approfondie, fait de nous le choix id\u00e9al pour g\u00e9rer vos op\u00e9rations logistiques avec&#8230;<\/p>\n","protected":false},"author":11,"featured_media":0,"parent":0,"menu_order":0,"comment_status":"closed","ping_status":"closed","template":"template-builder.php","meta":{"_acf_changed":false,"footnotes":""},"class_list":["post-66951","page","type-page","status-publish","hentry"],"acf":[],"yoast_head":"<!-- This site is optimized with the Yoast SEO plugin v27.5 - https:\/\/yoast.com\/product\/yoast-seo-wordpress\/ -->\n<title>Formulaire OOG - Termont Montreal Inc<\/title>\n<meta name=\"robots\" content=\"index, follow, max-snippet:-1, max-image-preview:large, max-video-preview:-1\" \/>\n<link rel=\"canonical\" href=\"https:\/\/termont.com\/fr\/formulaire-de-devis-hors-gabarit\/\" \/>\n<meta property=\"og:locale\" content=\"fr_FR\" \/>\n<meta property=\"og:type\" content=\"article\" \/>\n<meta property=\"og:title\" content=\"Formulaire OOG - Termont Montreal Inc\" \/>\n<meta property=\"og:description\" content=\"Besoin d\u2019aide\u00a0? Parlez \u00e0 un expert Disponible en tout temps (514) 254-0526 Chez Termont, chaque aspect de nos services est con\u00e7u pour r\u00e9pondre \u00e0 vos besoins sp\u00e9cifiques en mati\u00e8re de logistique maritime et terrestre. Notre engagement envers l\u2019excellence, combin\u00e9 \u00e0 notre expertise approfondie, fait de nous le choix id\u00e9al pour g\u00e9rer vos op\u00e9rations logistiques avec...\" \/>\n<meta property=\"og:url\" content=\"https:\/\/termont.com\/fr\/formulaire-de-devis-hors-gabarit\/\" \/>\n<meta property=\"og:site_name\" content=\"Termont Montreal Inc\" \/>\n<meta property=\"article:modified_time\" content=\"2026-05-01T21:41:43+00:00\" \/>\n<meta property=\"og:image\" content=\"https:\/\/termont.com\/wp-content\/uploads\/2023\/04\/banner-img.jpg\" \/>\n<meta name=\"twitter:card\" content=\"summary_large_image\" \/>\n<meta name=\"twitter:label1\" content=\"Dur\u00e9e de lecture estim\u00e9e\" \/>\n\t<meta name=\"twitter:data1\" content=\"2 minutes\" \/>\n<script type=\"application\/ld+json\" class=\"yoast-schema-graph\">{\"@context\":\"https:\\\/\\\/schema.org\",\"@graph\":[{\"@type\":\"WebPage\",\"@id\":\"https:\\\/\\\/termont.com\\\/fr\\\/formulaire-de-devis-hors-gabarit\\\/\",\"url\":\"https:\\\/\\\/termont.com\\\/fr\\\/formulaire-de-devis-hors-gabarit\\\/\",\"name\":\"Formulaire OOG - Termont Montreal Inc\",\"isPartOf\":{\"@id\":\"https:\\\/\\\/termont.com\\\/fr\\\/#website\"},\"primaryImageOfPage\":{\"@id\":\"https:\\\/\\\/termont.com\\\/fr\\\/formulaire-de-devis-hors-gabarit\\\/#primaryimage\"},\"image\":{\"@id\":\"https:\\\/\\\/termont.com\\\/fr\\\/formulaire-de-devis-hors-gabarit\\\/#primaryimage\"},\"thumbnailUrl\":\"https:\\\/\\\/termont.com\\\/wp-content\\\/uploads\\\/2023\\\/04\\\/banner-img.jpg\",\"datePublished\":\"2024-03-01T15:37:09+00:00\",\"dateModified\":\"2026-05-01T21:41:43+00:00\",\"breadcrumb\":{\"@id\":\"https:\\\/\\\/termont.com\\\/fr\\\/formulaire-de-devis-hors-gabarit\\\/#breadcrumb\"},\"inLanguage\":\"fr-FR\",\"potentialAction\":[{\"@type\":\"ReadAction\",\"target\":[\"https:\\\/\\\/termont.com\\\/fr\\\/formulaire-de-devis-hors-gabarit\\\/\"]}]},{\"@type\":\"ImageObject\",\"inLanguage\":\"fr-FR\",\"@id\":\"https:\\\/\\\/termont.com\\\/fr\\\/formulaire-de-devis-hors-gabarit\\\/#primaryimage\",\"url\":\"https:\\\/\\\/termont.com\\\/wp-content\\\/uploads\\\/2023\\\/04\\\/banner-img.jpg\",\"contentUrl\":\"https:\\\/\\\/termont.com\\\/wp-content\\\/uploads\\\/2023\\\/04\\\/banner-img.jpg\"},{\"@type\":\"BreadcrumbList\",\"@id\":\"https:\\\/\\\/termont.com\\\/fr\\\/formulaire-de-devis-hors-gabarit\\\/#breadcrumb\",\"itemListElement\":[{\"@type\":\"ListItem\",\"position\":1,\"name\":\"Home\",\"item\":\"https:\\\/\\\/termont.com\\\/fr\\\/\"},{\"@type\":\"ListItem\",\"position\":2,\"name\":\"Formulaire OOG\"}]},{\"@type\":\"WebSite\",\"@id\":\"https:\\\/\\\/termont.com\\\/fr\\\/#website\",\"url\":\"https:\\\/\\\/termont.com\\\/fr\\\/\",\"name\":\"Termont Montreal Inc\",\"description\":\"Le monde passe par nous\",\"publisher\":{\"@id\":\"https:\\\/\\\/termont.com\\\/fr\\\/#organization\"},\"potentialAction\":[{\"@type\":\"SearchAction\",\"target\":{\"@type\":\"EntryPoint\",\"urlTemplate\":\"https:\\\/\\\/termont.com\\\/fr\\\/?s={search_term_string}\"},\"query-input\":{\"@type\":\"PropertyValueSpecification\",\"valueRequired\":true,\"valueName\":\"search_term_string\"}}],\"inLanguage\":\"fr-FR\"},{\"@type\":\"Organization\",\"@id\":\"https:\\\/\\\/termont.com\\\/fr\\\/#organization\",\"name\":\"Termont Montreal Inc\",\"url\":\"https:\\\/\\\/termont.com\\\/fr\\\/\",\"logo\":{\"@type\":\"ImageObject\",\"inLanguage\":\"fr-FR\",\"@id\":\"https:\\\/\\\/termont.com\\\/fr\\\/#\\\/schema\\\/logo\\\/image\\\/\",\"url\":\"https:\\\/\\\/termont.com\\\/wp-content\\\/uploads\\\/2023\\\/07\\\/logo-termont.png\",\"contentUrl\":\"https:\\\/\\\/termont.com\\\/wp-content\\\/uploads\\\/2023\\\/07\\\/logo-termont.png\",\"width\":325,\"height\":59,\"caption\":\"Termont Montreal Inc\"},\"image\":{\"@id\":\"https:\\\/\\\/termont.com\\\/fr\\\/#\\\/schema\\\/logo\\\/image\\\/\"}}]}<\/script>\n<!-- \/ Yoast SEO plugin. -->","yoast_head_json":{"title":"Formulaire OOG - Termont Montreal Inc","robots":{"index":"index","follow":"follow","max-snippet":"max-snippet:-1","max-image-preview":"max-image-preview:large","max-video-preview":"max-video-preview:-1"},"canonical":"https:\/\/termont.com\/fr\/formulaire-de-devis-hors-gabarit\/","og_locale":"fr_FR","og_type":"article","og_title":"Formulaire OOG - Termont Montreal Inc","og_description":"Besoin d\u2019aide\u00a0? Parlez \u00e0 un expert Disponible en tout temps (514) 254-0526 Chez Termont, chaque aspect de nos services est con\u00e7u pour r\u00e9pondre \u00e0 vos besoins sp\u00e9cifiques en mati\u00e8re de logistique maritime et terrestre. Notre engagement envers l\u2019excellence, combin\u00e9 \u00e0 notre expertise approfondie, fait de nous le choix id\u00e9al pour g\u00e9rer vos op\u00e9rations logistiques avec...","og_url":"https:\/\/termont.com\/fr\/formulaire-de-devis-hors-gabarit\/","og_site_name":"Termont Montreal Inc","article_modified_time":"2026-05-01T21:41:43+00:00","og_image":[{"url":"https:\/\/termont.com\/wp-content\/uploads\/2023\/04\/banner-img.jpg","type":"","width":"","height":""}],"twitter_card":"summary_large_image","twitter_misc":{"Dur\u00e9e de lecture estim\u00e9e":"2 minutes"},"schema":{"@context":"https:\/\/schema.org","@graph":[{"@type":"WebPage","@id":"https:\/\/termont.com\/fr\/formulaire-de-devis-hors-gabarit\/","url":"https:\/\/termont.com\/fr\/formulaire-de-devis-hors-gabarit\/","name":"Formulaire OOG - Termont Montreal Inc","isPartOf":{"@id":"https:\/\/termont.com\/fr\/#website"},"primaryImageOfPage":{"@id":"https:\/\/termont.com\/fr\/formulaire-de-devis-hors-gabarit\/#primaryimage"},"image":{"@id":"https:\/\/termont.com\/fr\/formulaire-de-devis-hors-gabarit\/#primaryimage"},"thumbnailUrl":"https:\/\/termont.com\/wp-content\/uploads\/2023\/04\/banner-img.jpg","datePublished":"2024-03-01T15:37:09+00:00","dateModified":"2026-05-01T21:41:43+00:00","breadcrumb":{"@id":"https:\/\/termont.com\/fr\/formulaire-de-devis-hors-gabarit\/#breadcrumb"},"inLanguage":"fr-FR","potentialAction":[{"@type":"ReadAction","target":["https:\/\/termont.com\/fr\/formulaire-de-devis-hors-gabarit\/"]}]},{"@type":"ImageObject","inLanguage":"fr-FR","@id":"https:\/\/termont.com\/fr\/formulaire-de-devis-hors-gabarit\/#primaryimage","url":"https:\/\/termont.com\/wp-content\/uploads\/2023\/04\/banner-img.jpg","contentUrl":"https:\/\/termont.com\/wp-content\/uploads\/2023\/04\/banner-img.jpg"},{"@type":"BreadcrumbList","@id":"https:\/\/termont.com\/fr\/formulaire-de-devis-hors-gabarit\/#breadcrumb","itemListElement":[{"@type":"ListItem","position":1,"name":"Home","item":"https:\/\/termont.com\/fr\/"},{"@type":"ListItem","position":2,"name":"Formulaire OOG"}]},{"@type":"WebSite","@id":"https:\/\/termont.com\/fr\/#website","url":"https:\/\/termont.com\/fr\/","name":"Termont Montreal Inc","description":"Le monde passe par nous","publisher":{"@id":"https:\/\/termont.com\/fr\/#organization"},"potentialAction":[{"@type":"SearchAction","target":{"@type":"EntryPoint","urlTemplate":"https:\/\/termont.com\/fr\/?s={search_term_string}"},"query-input":{"@type":"PropertyValueSpecification","valueRequired":true,"valueName":"search_term_string"}}],"inLanguage":"fr-FR"},{"@type":"Organization","@id":"https:\/\/termont.com\/fr\/#organization","name":"Termont Montreal Inc","url":"https:\/\/termont.com\/fr\/","logo":{"@type":"ImageObject","inLanguage":"fr-FR","@id":"https:\/\/termont.com\/fr\/#\/schema\/logo\/image\/","url":"https:\/\/termont.com\/wp-content\/uploads\/2023\/07\/logo-termont.png","contentUrl":"https:\/\/termont.com\/wp-content\/uploads\/2023\/07\/logo-termont.png","width":325,"height":59,"caption":"Termont Montreal Inc"},"image":{"@id":"https:\/\/termont.com\/fr\/#\/schema\/logo\/image\/"}}]}},"_links":{"self":[{"href":"https:\/\/termont.com\/fr\/wp-json\/wp\/v2\/pages\/66951","targetHints":{"allow":["GET"]}}],"collection":[{"href":"https:\/\/termont.com\/fr\/wp-json\/wp\/v2\/pages"}],"about":[{"href":"https:\/\/termont.com\/fr\/wp-json\/wp\/v2\/types\/page"}],"author":[{"embeddable":true,"href":"https:\/\/termont.com\/fr\/wp-json\/wp\/v2\/users\/11"}],"replies":[{"embeddable":true,"href":"https:\/\/termont.com\/fr\/wp-json\/wp\/v2\/comments?post=66951"}],"version-history":[{"count":11,"href":"https:\/\/termont.com\/fr\/wp-json\/wp\/v2\/pages\/66951\/revisions"}],"predecessor-version":[{"id":69598,"href":"https:\/\/termont.com\/fr\/wp-json\/wp\/v2\/pages\/66951\/revisions\/69598"}],"wp:attachment":[{"href":"https:\/\/termont.com\/fr\/wp-json\/wp\/v2\/media?parent=66951"}],"curies":[{"name":"wp","href":"https:\/\/api.w.org\/{rel}","templated":true}]}}